{"id":2741,"date":"2021-11-07T22:15:52","date_gmt":"2021-11-07T22:15:52","guid":{"rendered":"https:\/\/www.nkwings.com\/product\/mallas-padel-cargo-2\/"},"modified":"2025-03-20T15:41:18","modified_gmt":"2025-03-20T15:41:18","slug":"mallas-padel-cargo-2","status":"publish","type":"product","link":"https:\/\/www.nkwings.com\/en\/product\/mallas-padel-cargo-2\/","title":{"rendered":"Tights Tennis Padel Cargo 2"},"content":{"rendered":"","protected":false},"excerpt":{"rendered":"","protected":false},"featured_media":2633,"comment_status":"closed","ping_status":"closed","template":"","meta":{"_acf_changed":false},"product_brand":[],"product_cat":[63,182],"class_list":{"0":"post-2741","1":"product","2":"type-product","3":"status-publish","4":"has-post-thumbnail","6":"product_cat-leggings-tights-pants","7":"product_cat-leggings-tights-with-pockets","8":"pa_color-black","9":"pa_color-red","10":"pa_size-extra-small","11":"pa_size-small","12":"pa_size-medium","13":"pa_size-large","14":"pa_size-extra-large","16":"first","17":"instock","18":"taxable","19":"shipping-taxable","20":"purchasable","21":"product-type-variable","22":"has-default-attributes"},"bundle_layout":"","bundle_add_to_cart_form_location":"","bundle_editable_in_cart":false,"bundle_sold_individually_context":"","bundle_item_grouping":"","bundle_min_size":"","bundle_max_size":"","bundled_by":[],"bundled_items":[],"acf":[],"yoast_head":"<!-- This site is optimized with the Yoast SEO plugin v27.4 - https:\/\/yoast.com\/product\/yoast-seo-wordpress\/ -->\n<title>Tights Tennis Padel Cargo 2 - nk\u00b7wings<\/title>\n<meta name=\"description\" content=\"\u2705 Mallas deportivas para la mujer, largas, con 2 bolsillos para las pelotas de p\u00e1del, tenis y 2 bolsillos tipo cargo con bot\u00f3n. Aptos tambi\u00e9n para fitness y running.\" \/>\n<meta name=\"robots\" content=\"index, follow, max-snippet:-1, max-image-preview:large, max-video-preview:-1\" \/>\n<link rel=\"canonical\" href=\"https:\/\/www.nkwings.com\/en\/product\/mallas-padel-cargo-2\/\" \/>\n<meta property=\"og:locale\" content=\"en_US\" \/>\n<meta property=\"og:type\" content=\"article\" \/>\n<meta property=\"og:title\" content=\"Tights Tennis Padel Cargo 2 - nk\u00b7wings\" \/>\n<meta property=\"og:description\" content=\"\u2705 Mallas deportivas para la mujer, largas, con 2 bolsillos para las pelotas de p\u00e1del, tenis y 2 bolsillos tipo cargo con bot\u00f3n. Aptos tambi\u00e9n para fitness y running.\" \/>\n<meta property=\"og:url\" content=\"https:\/\/www.nkwings.com\/en\/product\/mallas-padel-cargo-2\/\" \/>\n<meta property=\"og:site_name\" content=\"nk\u00b7wings\" \/>\n<meta property=\"article:publisher\" content=\"https:\/\/www.facebook.com\/nkwings-108195127810174\/\" \/>\n<meta property=\"article:modified_time\" content=\"2025-03-20T15:41:18+00:00\" \/>\n<meta property=\"og:image\" content=\"https:\/\/hundreds-wordpress-uploads.s3.amazonaws.com\/nkwings\/uploads\/2021\/11\/Padel1367.jpg\" \/>\n\t<meta property=\"og:image:width\" content=\"766\" \/>\n\t<meta property=\"og:image:height\" content=\"768\" \/>\n\t<meta property=\"og:image:type\" content=\"image\/jpeg\" \/>\n<meta name=\"twitter:card\" content=\"summary_large_image\" \/>\n<script type=\"application\/ld+json\" class=\"yoast-schema-graph\">{\"@context\":\"https:\\\/\\\/schema.org\",\"@graph\":[{\"@type\":\"WebPage\",\"@id\":\"https:\\\/\\\/www.nkwings.com\\\/en\\\/product\\\/mallas-padel-cargo-2\\\/\",\"url\":\"https:\\\/\\\/www.nkwings.com\\\/en\\\/product\\\/mallas-padel-cargo-2\\\/\",\"name\":\"Tights Tennis Padel Cargo 2 - nk\u00b7wings\",\"isPartOf\":{\"@id\":\"https:\\\/\\\/www.nkwings.com\\\/#website\"},\"primaryImageOfPage\":{\"@id\":\"https:\\\/\\\/www.nkwings.com\\\/en\\\/product\\\/mallas-padel-cargo-2\\\/#primaryimage\"},\"image\":{\"@id\":\"https:\\\/\\\/www.nkwings.com\\\/en\\\/product\\\/mallas-padel-cargo-2\\\/#primaryimage\"},\"thumbnailUrl\":\"https:\\\/\\\/hundreds-wordpress-uploads.s3.amazonaws.com\\\/nkwings\\\/uploads\\\/2021\\\/11\\\/Padel1367.jpg\",\"datePublished\":\"2021-11-07T22:15:52+00:00\",\"dateModified\":\"2025-03-20T15:41:18+00:00\",\"description\":\"\u2705 Mallas deportivas para la mujer, largas, con 2 bolsillos para las pelotas de p\u00e1del, tenis y 2 bolsillos tipo cargo con bot\u00f3n. Aptos tambi\u00e9n para fitness y running.\",\"breadcrumb\":{\"@id\":\"https:\\\/\\\/www.nkwings.com\\\/en\\\/product\\\/mallas-padel-cargo-2\\\/#breadcrumb\"},\"inLanguage\":\"en-US\",\"potentialAction\":[{\"@type\":\"ReadAction\",\"target\":[\"https:\\\/\\\/www.nkwings.com\\\/en\\\/product\\\/mallas-padel-cargo-2\\\/\"]}]},{\"@type\":\"ImageObject\",\"inLanguage\":\"en-US\",\"@id\":\"https:\\\/\\\/www.nkwings.com\\\/en\\\/product\\\/mallas-padel-cargo-2\\\/#primaryimage\",\"url\":\"https:\\\/\\\/hundreds-wordpress-uploads.s3.amazonaws.com\\\/nkwings\\\/uploads\\\/2021\\\/11\\\/Padel1367.jpg\",\"contentUrl\":\"https:\\\/\\\/hundreds-wordpress-uploads.s3.amazonaws.com\\\/nkwings\\\/uploads\\\/2021\\\/11\\\/Padel1367.jpg\",\"width\":766,\"height\":768},{\"@type\":\"BreadcrumbList\",\"@id\":\"https:\\\/\\\/www.nkwings.com\\\/en\\\/product\\\/mallas-padel-cargo-2\\\/#breadcrumb\",\"itemListElement\":[{\"@type\":\"ListItem\",\"position\":1,\"name\":\"Entire collection\",\"item\":\"https:\\\/\\\/www.nkwings.com\\\/en\\\/entire-collection\\\/\"},{\"@type\":\"ListItem\",\"position\":2,\"name\":\"Tights Tennis Padel Cargo 2\"}]},{\"@type\":\"WebSite\",\"@id\":\"https:\\\/\\\/www.nkwings.com\\\/#website\",\"url\":\"https:\\\/\\\/www.nkwings.com\\\/\",\"name\":\"nk\u00b7wings\",\"description\":\"\",\"publisher\":{\"@id\":\"https:\\\/\\\/www.nkwings.com\\\/#organization\"},\"potentialAction\":[{\"@type\":\"SearchAction\",\"target\":{\"@type\":\"EntryPoint\",\"urlTemplate\":\"https:\\\/\\\/www.nkwings.com\\\/?s={search_term_string}\"},\"query-input\":{\"@type\":\"PropertyValueSpecification\",\"valueRequired\":true,\"valueName\":\"search_term_string\"}}],\"inLanguage\":\"en-US\"},{\"@type\":\"Organization\",\"@id\":\"https:\\\/\\\/www.nkwings.com\\\/#organization\",\"name\":\"MYATTITUDE SL\",\"url\":\"https:\\\/\\\/www.nkwings.com\\\/\",\"logo\":{\"@type\":\"ImageObject\",\"inLanguage\":\"en-US\",\"@id\":\"https:\\\/\\\/www.nkwings.com\\\/#\\\/schema\\\/logo\\\/image\\\/\",\"url\":\"\",\"contentUrl\":\"\",\"caption\":\"MYATTITUDE SL\"},\"image\":{\"@id\":\"https:\\\/\\\/www.nkwings.com\\\/#\\\/schema\\\/logo\\\/image\\\/\"},\"sameAs\":[\"https:\\\/\\\/www.facebook.com\\\/nkwings-108195127810174\\\/\",\"https:\\\/\\\/www.instagram.com\\\/nk_wings\\\/\",\"https:\\\/\\\/www.linkedin.com\\\/company\\\/nkwings\\\/\"]}]}<\/script>\n<!-- \/ Yoast SEO plugin. -->","yoast_head_json":{"title":"Tights Tennis Padel Cargo 2 - nk\u00b7wings","description":"\u2705 Mallas deportivas para la mujer, largas, con 2 bolsillos para las pelotas de p\u00e1del, tenis y 2 bolsillos tipo cargo con bot\u00f3n. Aptos tambi\u00e9n para fitness y running.","robots":{"index":"index","follow":"follow","max-snippet":"max-snippet:-1","max-image-preview":"max-image-preview:large","max-video-preview":"max-video-preview:-1"},"canonical":"https:\/\/www.nkwings.com\/en\/product\/mallas-padel-cargo-2\/","og_locale":"en_US","og_type":"article","og_title":"Tights Tennis Padel Cargo 2 - nk\u00b7wings","og_description":"\u2705 Mallas deportivas para la mujer, largas, con 2 bolsillos para las pelotas de p\u00e1del, tenis y 2 bolsillos tipo cargo con bot\u00f3n. Aptos tambi\u00e9n para fitness y running.","og_url":"https:\/\/www.nkwings.com\/en\/product\/mallas-padel-cargo-2\/","og_site_name":"nk\u00b7wings","article_publisher":"https:\/\/www.facebook.com\/nkwings-108195127810174\/","article_modified_time":"2025-03-20T15:41:18+00:00","og_image":[{"width":766,"height":768,"url":"https:\/\/hundreds-wordpress-uploads.s3.amazonaws.com\/nkwings\/uploads\/2021\/11\/Padel1367.jpg","type":"image\/jpeg"}],"twitter_card":"summary_large_image","schema":{"@context":"https:\/\/schema.org","@graph":[{"@type":"WebPage","@id":"https:\/\/www.nkwings.com\/en\/product\/mallas-padel-cargo-2\/","url":"https:\/\/www.nkwings.com\/en\/product\/mallas-padel-cargo-2\/","name":"Tights Tennis Padel Cargo 2 - nk\u00b7wings","isPartOf":{"@id":"https:\/\/www.nkwings.com\/#website"},"primaryImageOfPage":{"@id":"https:\/\/www.nkwings.com\/en\/product\/mallas-padel-cargo-2\/#primaryimage"},"image":{"@id":"https:\/\/www.nkwings.com\/en\/product\/mallas-padel-cargo-2\/#primaryimage"},"thumbnailUrl":"https:\/\/hundreds-wordpress-uploads.s3.amazonaws.com\/nkwings\/uploads\/2021\/11\/Padel1367.jpg","datePublished":"2021-11-07T22:15:52+00:00","dateModified":"2025-03-20T15:41:18+00:00","description":"\u2705 Mallas deportivas para la mujer, largas, con 2 bolsillos para las pelotas de p\u00e1del, tenis y 2 bolsillos tipo cargo con bot\u00f3n. Aptos tambi\u00e9n para fitness y running.","breadcrumb":{"@id":"https:\/\/www.nkwings.com\/en\/product\/mallas-padel-cargo-2\/#breadcrumb"},"inLanguage":"en-US","potentialAction":[{"@type":"ReadAction","target":["https:\/\/www.nkwings.com\/en\/product\/mallas-padel-cargo-2\/"]}]},{"@type":"ImageObject","inLanguage":"en-US","@id":"https:\/\/www.nkwings.com\/en\/product\/mallas-padel-cargo-2\/#primaryimage","url":"https:\/\/hundreds-wordpress-uploads.s3.amazonaws.com\/nkwings\/uploads\/2021\/11\/Padel1367.jpg","contentUrl":"https:\/\/hundreds-wordpress-uploads.s3.amazonaws.com\/nkwings\/uploads\/2021\/11\/Padel1367.jpg","width":766,"height":768},{"@type":"BreadcrumbList","@id":"https:\/\/www.nkwings.com\/en\/product\/mallas-padel-cargo-2\/#breadcrumb","itemListElement":[{"@type":"ListItem","position":1,"name":"Entire collection","item":"https:\/\/www.nkwings.com\/en\/entire-collection\/"},{"@type":"ListItem","position":2,"name":"Tights Tennis Padel Cargo 2"}]},{"@type":"WebSite","@id":"https:\/\/www.nkwings.com\/#website","url":"https:\/\/www.nkwings.com\/","name":"nk\u00b7wings","description":"","publisher":{"@id":"https:\/\/www.nkwings.com\/#organization"},"potentialAction":[{"@type":"SearchAction","target":{"@type":"EntryPoint","urlTemplate":"https:\/\/www.nkwings.com\/?s={search_term_string}"},"query-input":{"@type":"PropertyValueSpecification","valueRequired":true,"valueName":"search_term_string"}}],"inLanguage":"en-US"},{"@type":"Organization","@id":"https:\/\/www.nkwings.com\/#organization","name":"MYATTITUDE SL","url":"https:\/\/www.nkwings.com\/","logo":{"@type":"ImageObject","inLanguage":"en-US","@id":"https:\/\/www.nkwings.com\/#\/schema\/logo\/image\/","url":"","contentUrl":"","caption":"MYATTITUDE SL"},"image":{"@id":"https:\/\/www.nkwings.com\/#\/schema\/logo\/image\/"},"sameAs":["https:\/\/www.facebook.com\/nkwings-108195127810174\/","https:\/\/www.instagram.com\/nk_wings\/","https:\/\/www.linkedin.com\/company\/nkwings\/"]}]}},"_links":{"self":[{"href":"https:\/\/www.nkwings.com\/en\/wp-json\/wp\/v2\/product\/2741","targetHints":{"allow":["GET"]}}],"collection":[{"href":"https:\/\/www.nkwings.com\/en\/wp-json\/wp\/v2\/product"}],"about":[{"href":"https:\/\/www.nkwings.com\/en\/wp-json\/wp\/v2\/types\/product"}],"replies":[{"embeddable":true,"href":"https:\/\/www.nkwings.com\/en\/wp-json\/wp\/v2\/comments?post=2741"}],"wp:featuredmedia":[{"embeddable":true,"href":"https:\/\/www.nkwings.com\/en\/wp-json\/wp\/v2\/media\/2633"}],"wp:attachment":[{"href":"https:\/\/www.nkwings.com\/en\/wp-json\/wp\/v2\/media?parent=2741"}],"wp:term":[{"taxonomy":"product_brand","embeddable":true,"href":"https:\/\/www.nkwings.com\/en\/wp-json\/wp\/v2\/product_brand?post=2741"},{"taxonomy":"product_cat","embeddable":true,"href":"https:\/\/www.nkwings.com\/en\/wp-json\/wp\/v2\/product_cat?post=2741"}],"curies":[{"name":"wp","href":"https:\/\/api.w.org\/{rel}","templated":true}]}}